{"id":641,"date":"2024-09-18T13:32:59","date_gmt":"2024-09-18T13:32:59","guid":{"rendered":"https:\/\/socomat.fr\/mentions-legales\/"},"modified":"2024-12-10T12:28:16","modified_gmt":"2024-12-10T12:28:16","slug":"mentions-legales","status":"publish","type":"page","link":"https:\/\/socomat.fr\/fr\/mentions-legales\/","title":{"rendered":"Mentions l\u00e9gales"},"content":{"rendered":"\t\t<div data-elementor-type=\"wp-page\" data-elementor-id=\"641\" class=\"elementor elementor-641 elementor-596\" data-elementor-post-type=\"page\">\n\t\t\t\t<div class=\"elementor-element elementor-element-2134bda e-flex e-con-boxed e-con e-parent\" data-id=\"2134bda\" data-element_type=\"container\" data-e-type=\"container\" data-settings=\"{&quot;background_background&quot;:&quot;classic&quot;}\">\n\t\t\t\t\t<div class=\"e-con-inner\">\n\t\t\t\t\t<\/div>\n\t\t\t\t<\/div>\n\t\t<div class=\"elementor-element elementor-element-c59dd21 e-flex e-con-boxed e-con e-parent\" data-id=\"c59dd21\" data-element_type=\"container\" data-e-type=\"container\" data-settings=\"{&quot;background_background&quot;:&quot;classic&quot;}\">\n\t\t\t\t\t<div class=\"e-con-inner\">\n\t\t<div class=\"elementor-element elementor-element-665bf15 e-con-full e-flex e-con e-child\" data-id=\"665bf15\" data-element_type=\"container\" data-e-type=\"container\">\n\t\t\t\t<div class=\"elementor-element elementor-element-9b7cfec elementor-widget elementor-widget-text-editor\" data-id=\"9b7cfec\" data-element_type=\"widget\" data-e-type=\"widget\" data-widget_type=\"text-editor.default\">\n\t\t\t\t<div class=\"elementor-widget-container\">\n\t\t\t\t\t\t\t\t\t<h4>\u00c9diteur de site<\/h4>\n<p>Le pr\u00e9sent site est \u00e9dit\u00e9 par Socomat.<br \/>Directeur de publication : Jehan de Lastic, responsable du contenu du site internet sauf dans le cas de liens vers d\u2019autres sources (cf. liens hypertextes)<\/p>\n<h4>Informations r\u00e9glementaires<\/h4>\n<p>Raison Sociale : SOCOMAT<br \/>Pr\u00e9sident : Jehan de Lastic<br \/>Si\u00e8ge Social : 22 rue de l\u2019Est \u2013 92 100 Boulogne Billancourt \u2013 FRANCE.<br \/>T\u00e9l. : +33 (0)1 46 04 67 67<\/p>\n<p>L\u2019acc\u00e8s au site ainsi que l\u2019utilisation de son contenu s\u2019effectuent dans le cadre des pr\u00e9sentes mentions l\u00e9gales. Le fait d\u2019acc\u00e9der et de naviguer sur le site constitue de la part de l\u2019internaute une acceptation sans r\u00e9serve de l\u2019ensemble des pr\u00e9cisions suivantes. <\/p>\n<h4>Droit d\u2019auteur  copyright \u2013 Propri\u00e9t\u00e9 intellectuelle<\/h4>\n<p>Copyright des photographies disponibles sur le pr\u00e9sent site : SOCOMAT.<\/p>\n<p>Conform\u00e9ment \u00e0 la loi de droit d\u2019auteur et du copyright, l\u2019utilisation frauduleuse d\u2019une oeuvre photo sans accord est passible de poursuite en justice. Le site dans son ensemble, ainsi que les \u00e9l\u00e9ments qui le composent (notamment textes, arborescence, logiciels, animations, photographies, illustrations, sch\u00e9mas, repr\u00e9sentations graphiques, logos, etc.) constituent des oeuvres de l\u2019esprit prot\u00e9g\u00e9es par les articles L.111-1 et suivants du Code de la propri\u00e9t\u00e9 intellectuelle. Sauf mention contraire, le site ainsi que les \u00e9l\u00e9ments qui le composent sont la propri\u00e9t\u00e9 exclusive de SOCOMAT seule habilit\u00e9e \u00e0 utiliser les droits de propri\u00e9t\u00e9 intellectuelle et droits de la personnalit\u00e9 y aff\u00e9rant. L\u2019usage de tout ou partie du site, notamment par t\u00e9l\u00e9chargement, reproduction, transmission, repr\u00e9sentation ou diffusion \u00e0 d\u2019autres fins que pour l\u2019usage personnel et priv\u00e9 dans un but non commercial de l\u2019internaute est strictement interdit. La violation de ces dispositions soumet son auteur aux sanctions pr\u00e9vues tant par le Code de la propri\u00e9t\u00e9 intellectuelle au titre notamment de la contrefa\u00e7on de droits d\u2019auteur (article L.335-3), de droit des marques (article L.716-9), que par le Code civil en mati\u00e8re de responsabilit\u00e9 civile (article 9, articles 1382 et suivants).      <\/p>\n<h4>Responsabilit\u00e9 \u2013 Liens hypertextes<\/h4>\n<p>Le site www.socomat.fr s\u2019efforce d\u2019assurer au mieux de ses possibilit\u00e9s l\u2019exactitude et la mise \u00e0 jour des informations diffus\u00e9es sur le site, dont il se r\u00e9serve le droit de corriger, \u00e0 tout moment et sans pr\u00e9avis, le contenu. Toutefois, SOCOMAT ne saurait garantir l\u2019exactitude, la pr\u00e9cision et l\u2019exhaustivit\u00e9 des informations mises \u00e0 disposition sur le site, lesquelles informations ne constituent ni une garantie ni un engagement \u00e0 l\u2019\u00e9gard de l\u2019internaute. <\/p>\n<p>Les utilisateurs et visiteurs du site ne peuvent pas mettre en place un lien hypertexte en direction du site sans l\u2019autorisation pr\u00e9alable \u00e9crite du directeur de la publication.<\/p>\n<p>Toute demande tendant \u00e0 cette fin doit \u00eatre adress\u00e9e \u00e0 <a href=\"mailto:info@socomat.fr\">info@socomat.fr<\/a>.<\/p>\n\t\t\t\t\t\t\t\t<\/div>\n\t\t\t\t<\/div>\n\t\t\t\t<\/div>\n\t\t\t\t\t<\/div>\n\t\t\t\t<\/div>\n\t\t\t\t<\/div>\n\t\t","protected":false},"excerpt":{"rendered":"<p>\u00c9diteur de site Le pr\u00e9sent site est \u00e9dit\u00e9 par Socomat.Directeur de publication : Jehan de Lastic, responsable du contenu du [&hellip;]<\/p>\n","protected":false},"author":2,"featured_media":0,"parent":0,"menu_order":0,"comment_status":"closed","ping_status":"closed","template":"","meta":{"_acf_changed":false,"site-sidebar-layout":"no-sidebar","site-content-layout":"","ast-site-content-layout":"full-width-container","site-content-style":"default","site-sidebar-style":"default","ast-global-header-display":"","ast-banner-title-visibility":"","ast-main-header-display":"","ast-hfb-above-header-display":"","ast-hfb-below-header-display":"","ast-hfb-mobile-header-display":"","site-post-title":"disabled","ast-breadcrumbs-content":"","ast-featured-img":"disabled","footer-sml-layout":"","ast-disable-related-posts":"","theme-transparent-header-meta":"default","adv-header-id-meta":"","stick-header-meta":"default","header-above-stick-meta":"","header-main-stick-meta":"","header-below-stick-meta":"","astra-migrate-meta-layouts":"default","ast-page-background-enabled":"default","ast-page-background-meta":{"desktop":{"background-color":"var(--ast-global-color-4)","background-image":"","background-repeat":"repeat","background-position":"center center","background-size":"auto","background-attachment":"scroll","background-type":"","background-media":"","overlay-type":"","overlay-color":"","overlay-opacity":"","overlay-gradient":""},"tablet":{"background-color":"","background-image":"","background-repeat":"repeat","background-position":"center center","background-size":"auto","background-attachment":"scroll","background-type":"","background-media":"","overlay-type":"","overlay-color":"","overlay-opacity":"","overlay-gradient":""},"mobile":{"background-color":"","background-image":"","background-repeat":"repeat","background-position":"center center","background-size":"auto","background-attachment":"scroll","background-type":"","background-media":"","overlay-type":"","overlay-color":"","overlay-opacity":"","overlay-gradient":""}},"ast-content-background-meta":{"desktop":{"background-color":"var(--ast-global-color-5)","background-image":"","background-repeat":"repeat","background-position":"center center","background-size":"auto","background-attachment":"scroll","background-type":"","background-media":"","overlay-type":"","overlay-color":"","overlay-opacity":"","overlay-gradient":""},"tablet":{"background-color":"var(--ast-global-color-5)","background-image":"","background-repeat":"repeat","background-position":"center center","background-size":"auto","background-attachment":"scroll","background-type":"","background-media":"","overlay-type":"","overlay-color":"","overlay-opacity":"","overlay-gradient":""},"mobile":{"background-color":"var(--ast-global-color-5)","background-image":"","background-repeat":"repeat","background-position":"center center","background-size":"auto","background-attachment":"scroll","background-type":"","background-media":"","overlay-type":"","overlay-color":"","overlay-opacity":"","overlay-gradient":""}},"footnotes":""},"class_list":["post-641","page","type-page","status-publish","hentry"],"acf":[],"yoast_head":"<!-- This site is optimized with the Yoast SEO plugin v27.3 - https:\/\/yoast.com\/product\/yoast-seo-wordpress\/ -->\n<title>Mentions l\u00e9gales - Socomat<\/title>\n<meta name=\"robots\" content=\"index, follow, max-snippet:-1, max-image-preview:large, max-video-preview:-1\" \/>\n<link rel=\"canonical\" href=\"https:\/\/socomat.fr\/fr\/mentions-legales\/\" \/>\n<meta property=\"og:locale\" content=\"fr_FR\" \/>\n<meta property=\"og:type\" content=\"article\" \/>\n<meta property=\"og:title\" content=\"Mentions l\u00e9gales - Socomat\" \/>\n<meta property=\"og:description\" content=\"\u00c9diteur de site Le pr\u00e9sent site est \u00e9dit\u00e9 par Socomat.Directeur de publication : Jehan de Lastic, responsable du contenu du [&hellip;]\" \/>\n<meta property=\"og:url\" content=\"https:\/\/socomat.fr\/fr\/mentions-legales\/\" \/>\n<meta property=\"og:site_name\" content=\"Socomat\" \/>\n<meta property=\"article:modified_time\" content=\"2024-12-10T12:28:16+00:00\" \/>\n<meta name=\"twitter:card\" content=\"summary_large_image\" \/>\n<meta name=\"twitter:label1\" content=\"Dur\u00e9e de lecture estim\u00e9e\" \/>\n\t<meta name=\"twitter:data1\" content=\"3 minutes\" \/>\n<script type=\"application\/ld+json\" class=\"yoast-schema-graph\">{\"@context\":\"https:\\\/\\\/schema.org\",\"@graph\":[{\"@type\":\"WebPage\",\"@id\":\"https:\\\/\\\/socomat.fr\\\/fr\\\/mentions-legales\\\/\",\"url\":\"https:\\\/\\\/socomat.fr\\\/fr\\\/mentions-legales\\\/\",\"name\":\"Mentions l\u00e9gales - Socomat\",\"isPartOf\":{\"@id\":\"https:\\\/\\\/socomat.fr\\\/fr\\\/#website\"},\"datePublished\":\"2024-09-18T13:32:59+00:00\",\"dateModified\":\"2024-12-10T12:28:16+00:00\",\"breadcrumb\":{\"@id\":\"https:\\\/\\\/socomat.fr\\\/fr\\\/mentions-legales\\\/#breadcrumb\"},\"inLanguage\":\"fr-FR\",\"potentialAction\":[{\"@type\":\"ReadAction\",\"target\":[\"https:\\\/\\\/socomat.fr\\\/fr\\\/mentions-legales\\\/\"]}]},{\"@type\":\"BreadcrumbList\",\"@id\":\"https:\\\/\\\/socomat.fr\\\/fr\\\/mentions-legales\\\/#breadcrumb\",\"itemListElement\":[{\"@type\":\"ListItem\",\"position\":1,\"name\":\"Home\",\"item\":\"https:\\\/\\\/socomat.fr\\\/fr\\\/\"},{\"@type\":\"ListItem\",\"position\":2,\"name\":\"Mentions l\u00e9gales\"}]},{\"@type\":\"WebSite\",\"@id\":\"https:\\\/\\\/socomat.fr\\\/fr\\\/#website\",\"url\":\"https:\\\/\\\/socomat.fr\\\/fr\\\/\",\"name\":\"Socomat\",\"description\":\"\",\"publisher\":{\"@id\":\"https:\\\/\\\/socomat.fr\\\/fr\\\/#organization\"},\"potentialAction\":[{\"@type\":\"SearchAction\",\"target\":{\"@type\":\"EntryPoint\",\"urlTemplate\":\"https:\\\/\\\/socomat.fr\\\/fr\\\/?s={search_term_string}\"},\"query-input\":{\"@type\":\"PropertyValueSpecification\",\"valueRequired\":true,\"valueName\":\"search_term_string\"}}],\"inLanguage\":\"fr-FR\"},{\"@type\":\"Organization\",\"@id\":\"https:\\\/\\\/socomat.fr\\\/fr\\\/#organization\",\"name\":\"Socomat\",\"url\":\"https:\\\/\\\/socomat.fr\\\/fr\\\/\",\"logo\":{\"@type\":\"ImageObject\",\"inLanguage\":\"fr-FR\",\"@id\":\"https:\\\/\\\/socomat.fr\\\/fr\\\/#\\\/schema\\\/logo\\\/image\\\/\",\"url\":\"https:\\\/\\\/socomat.fr\\\/wp-content\\\/uploads\\\/2024\\\/12\\\/socomat-tank-rental-solutions.svg\",\"contentUrl\":\"https:\\\/\\\/socomat.fr\\\/wp-content\\\/uploads\\\/2024\\\/12\\\/socomat-tank-rental-solutions.svg\",\"caption\":\"Socomat\"},\"image\":{\"@id\":\"https:\\\/\\\/socomat.fr\\\/fr\\\/#\\\/schema\\\/logo\\\/image\\\/\"},\"sameAs\":[\"https:\\\/\\\/www.linkedin.com\\\/company\\\/socomatfr\\\/\"]}]}<\/script>\n<!-- \/ Yoast SEO plugin. -->","yoast_head_json":{"title":"Mentions l\u00e9gales - Socomat","robots":{"index":"index","follow":"follow","max-snippet":"max-snippet:-1","max-image-preview":"max-image-preview:large","max-video-preview":"max-video-preview:-1"},"canonical":"https:\/\/socomat.fr\/fr\/mentions-legales\/","og_locale":"fr_FR","og_type":"article","og_title":"Mentions l\u00e9gales - Socomat","og_description":"\u00c9diteur de site Le pr\u00e9sent site est \u00e9dit\u00e9 par Socomat.Directeur de publication : Jehan de Lastic, responsable du contenu du [&hellip;]","og_url":"https:\/\/socomat.fr\/fr\/mentions-legales\/","og_site_name":"Socomat","article_modified_time":"2024-12-10T12:28:16+00:00","twitter_card":"summary_large_image","twitter_misc":{"Dur\u00e9e de lecture estim\u00e9e":"3 minutes"},"schema":{"@context":"https:\/\/schema.org","@graph":[{"@type":"WebPage","@id":"https:\/\/socomat.fr\/fr\/mentions-legales\/","url":"https:\/\/socomat.fr\/fr\/mentions-legales\/","name":"Mentions l\u00e9gales - Socomat","isPartOf":{"@id":"https:\/\/socomat.fr\/fr\/#website"},"datePublished":"2024-09-18T13:32:59+00:00","dateModified":"2024-12-10T12:28:16+00:00","breadcrumb":{"@id":"https:\/\/socomat.fr\/fr\/mentions-legales\/#breadcrumb"},"inLanguage":"fr-FR","potentialAction":[{"@type":"ReadAction","target":["https:\/\/socomat.fr\/fr\/mentions-legales\/"]}]},{"@type":"BreadcrumbList","@id":"https:\/\/socomat.fr\/fr\/mentions-legales\/#breadcrumb","itemListElement":[{"@type":"ListItem","position":1,"name":"Home","item":"https:\/\/socomat.fr\/fr\/"},{"@type":"ListItem","position":2,"name":"Mentions l\u00e9gales"}]},{"@type":"WebSite","@id":"https:\/\/socomat.fr\/fr\/#website","url":"https:\/\/socomat.fr\/fr\/","name":"Socomat","description":"","publisher":{"@id":"https:\/\/socomat.fr\/fr\/#organization"},"potentialAction":[{"@type":"SearchAction","target":{"@type":"EntryPoint","urlTemplate":"https:\/\/socomat.fr\/fr\/?s={search_term_string}"},"query-input":{"@type":"PropertyValueSpecification","valueRequired":true,"valueName":"search_term_string"}}],"inLanguage":"fr-FR"},{"@type":"Organization","@id":"https:\/\/socomat.fr\/fr\/#organization","name":"Socomat","url":"https:\/\/socomat.fr\/fr\/","logo":{"@type":"ImageObject","inLanguage":"fr-FR","@id":"https:\/\/socomat.fr\/fr\/#\/schema\/logo\/image\/","url":"https:\/\/socomat.fr\/wp-content\/uploads\/2024\/12\/socomat-tank-rental-solutions.svg","contentUrl":"https:\/\/socomat.fr\/wp-content\/uploads\/2024\/12\/socomat-tank-rental-solutions.svg","caption":"Socomat"},"image":{"@id":"https:\/\/socomat.fr\/fr\/#\/schema\/logo\/image\/"},"sameAs":["https:\/\/www.linkedin.com\/company\/socomatfr\/"]}]}},"_links":{"self":[{"href":"https:\/\/socomat.fr\/fr\/wp-json\/wp\/v2\/pages\/641","targetHints":{"allow":["GET"]}}],"collection":[{"href":"https:\/\/socomat.fr\/fr\/wp-json\/wp\/v2\/pages"}],"about":[{"href":"https:\/\/socomat.fr\/fr\/wp-json\/wp\/v2\/types\/page"}],"author":[{"embeddable":true,"href":"https:\/\/socomat.fr\/fr\/wp-json\/wp\/v2\/users\/2"}],"replies":[{"embeddable":true,"href":"https:\/\/socomat.fr\/fr\/wp-json\/wp\/v2\/comments?post=641"}],"version-history":[{"count":4,"href":"https:\/\/socomat.fr\/fr\/wp-json\/wp\/v2\/pages\/641\/revisions"}],"predecessor-version":[{"id":1102,"href":"https:\/\/socomat.fr\/fr\/wp-json\/wp\/v2\/pages\/641\/revisions\/1102"}],"wp:attachment":[{"href":"https:\/\/socomat.fr\/fr\/wp-json\/wp\/v2\/media?parent=641"}],"curies":[{"name":"wp","href":"https:\/\/api.w.org\/{rel}","templated":true}]}}