{"id":639,"date":"2024-09-18T13:40:58","date_gmt":"2024-09-18T13:40:58","guid":{"rendered":"https:\/\/socomat.fr\/politique-de-confidentialite\/"},"modified":"2024-12-10T12:29:09","modified_gmt":"2024-12-10T12:29:09","slug":"politique-de-confidentialite","status":"publish","type":"page","link":"https:\/\/socomat.fr\/fr\/politique-de-confidentialite\/","title":{"rendered":"Politique de confidentialit\u00e9"},"content":{"rendered":"\t\t<div data-elementor-type=\"wp-page\" data-elementor-id=\"639\" class=\"elementor elementor-639 elementor-604\" data-elementor-post-type=\"page\">\n\t\t\t\t<div class=\"elementor-element elementor-element-36cc900 e-flex e-con-boxed e-con e-parent\" data-id=\"36cc900\" data-element_type=\"container\" data-e-type=\"container\" data-settings=\"{&quot;background_background&quot;:&quot;classic&quot;}\">\n\t\t\t\t\t<div class=\"e-con-inner\">\n\t\t\t\t\t<\/div>\n\t\t\t\t<\/div>\n\t\t<div class=\"elementor-element elementor-element-c59dd21 e-flex e-con-boxed e-con e-parent\" data-id=\"c59dd21\" data-element_type=\"container\" data-e-type=\"container\" data-settings=\"{&quot;background_background&quot;:&quot;classic&quot;}\">\n\t\t\t\t\t<div class=\"e-con-inner\">\n\t\t<div class=\"elementor-element elementor-element-665bf15 e-con-full e-flex e-con e-child\" data-id=\"665bf15\" data-element_type=\"container\" data-e-type=\"container\">\n\t\t\t\t<div class=\"elementor-element elementor-element-9b7cfec elementor-widget elementor-widget-text-editor\" data-id=\"9b7cfec\" data-element_type=\"widget\" data-e-type=\"widget\" data-widget_type=\"text-editor.default\">\n\t\t\t\t<div class=\"elementor-widget-container\">\n\t\t\t\t\t\t\t\t\t<p>Lors de la consultation de notre site internet, des informations relatives \u00e0 la navigation de votre ordinateur sont susceptibles d\u2019\u00eatre enregistr\u00e9es dans des fichiers dits \u00ab cookies \u00bb.<br \/>En naviguant sur notre site internet, vous acceptez l\u2019utilisation de ces cookies dans les conditions d\u00e9crites ci-apr\u00e8s. <\/p>\n<p>La pr\u00e9sente Politique est donc destin\u00e9e \u00e0 vous informer sur ce qu\u2019est un cookie, pourquoi et comment nous les utilisons et comment vous pouvez accepter ou refuser leur utilisation.<\/p>\n<h4>Cookies utilis\u00e9s par notre site internet<\/h4>\n<p><strong>Qu\u2019est-ce qu\u2019un \u00ab cookie \u00bb ?<\/strong><br \/>Un \u00ab cookie \u00bb est une suite d\u2019informations, g\u00e9n\u00e9ralement de petite taille, qui peut \u00eatre transmis \u00e0 votre navigateur par un site web sur lequel vous vous connectez. Il contient g\u00e9n\u00e9ralement le nom du serveur qui l\u2019a d\u00e9pos\u00e9, un identifiant sous forme de num\u00e9ro unique et une date d\u2019expiration. <\/p>\n<p>Votre navigateur web le conservera pendant une certaine dur\u00e9e, et le renverra au serveur web chaque fois que vous vous y re-connecterez.<\/p>\n<h4>Quels types de cookies sont utilis\u00e9s par notre site internet ?<\/h4>\n<p>Notre site internet utilise plusieurs types de cookies.<\/p>\n<ul>\n<li>Cookies de session et de fonctionnalit\u00e9 n\u00e9cessaires au fonctionnement optimal du site<\/li>\n<\/ul>\n<p>Les cookies de session enregistrent des informations techniques lors de votre navigation d\u2019une page \u00e0 l\u2019autre de notre site internet. Ces cookies ont une dur\u00e9e de vie limit\u00e9e et expirent lorsque vous fermez votre navigateur. <\/p>\n<p>Notre site internet utilise \u00e9galement des cookies de fonctionnalit\u00e9, permettant notamment de vous reconna\u00eetre lors de votre visite suivante et de personnaliser notre site internet en fonction.<\/p>\n<ul>\n<li>Cookies \u00e0 des fins d\u2019analyses statistiques :<\/li>\n<\/ul>\n<p>Nous utilisons des cookies de mesure d\u2019audience Google Analytics \u00e0 des fins statistiques afin de conna\u00eetre le nombre de visites effectu\u00e9es sur notre site internet, le nombre de pages vues, ainsi que la fr\u00e9quence de retour des utilisateurs. Vous pouvez consulter la politique de confidentialit\u00e9 Google Analytics via le lien suivant https:\/\/support.google.com\/analytics\/answer\/6004245?hl=fr. <\/p>\n<h4>Pourquoi Socomat utilise ces cookies ?<\/h4>\n<p>Les cookies de session permettent \u00e0 notre site de fonctionner de mani\u00e8re optimale. Les cookies de fonctionnalit\u00e9 visent \u00e0 faciliter la navigation sur le site. <\/p>\n<p>Les cookies de mesure d\u2019audience nous permettent de conna\u00eetre le nombre de visites effectu\u00e9es sur notre site internet, le nombre de pages vues ainsi que la fr\u00e9quence de retour des utilisateurs de notre site.<\/p>\n<p>Les cookies sont conserv\u00e9s pendant une dur\u00e9e maximale de 12 mois.<\/p>\n<h4>Comment refuser le d\u00e9p\u00f4t des cookies ?<\/h4>\n<p>Notre site n\u2019utilise que des cookies d\u2019identification, d\u2019authentification, d\u2019analyse de mesure d\u2019audience ou de load-balancing qui ne collectent pas de donn\u00e9es \u00e0 caract\u00e8re personnel.<br \/>Vous pouvez cependant vous y opposer et les supprimer en utilisant les param\u00e8tres de votre navigateur. <\/p>\n<p>Nous vous invitons \u00e0 consulter les instructions de votre navigateur* \u00e0 cet effet et vous informons qu\u2019en cas de blocage de ces cookies certaines fonctionnalit\u00e9s du site peuvent devenir indisponibles.<\/p>\n<p>* A titre indicatif, le lien vers la proc\u00e9dure de gestion des cookies des principaux navigateurs est fourni ci-apr\u00e8s :<\/p>\n<p>Pour Internet Explorer <a href=\"https:\/\/support.microsoft.com\/fr-fr\/help\/17442\/windows-internet-explorer-delete-manage-cookies\" target=\"_blank\" rel=\"noopener\">https:\/\/support.microsoft.com\/fr-fr\/help\/17442\/windows-internet-explorer-delete-manage-cookies<\/a><br \/>Pour Chrome <a href=\"https:\/\/support.google.com\/chrome\/answer\/95647?hl=fr&amp;hlrm=en\" target=\"_blank\" rel=\"noopener\">https:\/\/support.google.com\/chrome\/answer\/95647?hl=frhlrm=en<\/a><br \/>Pour Mozilla <a href=\"https:\/\/support.mozilla.org\/fr\/kb\/auteur-bloquer-cookies-preferences-sites?redirectlocale=fr&amp;redirectslug=activer-desactiver-cookies\" target=\"_blank\" rel=\"noopener\">https:\/\/support.mozilla.org\/fr\/kb\/auteur-bloquer-cookies-preferences-sites?redirectlocale=frredirectslug=activer-desactiver-cookies<\/a><br \/>Pour Safari <a href=\"https:\/\/support.apple.com\/fr-fr\/guide\/safari\/sfri11471\/mac\" target=\"_blank\" rel=\"noopener\">https:\/\/support.apple.com\/fr-fr\/guide\/safari\/sfri11471\/mac<\/a><\/p>\n<h4>Droits relatifs \u00e0 vos donn\u00e9es personnelles<\/h4>\n<p>Le respect de votre vie priv\u00e9e et de vos donn\u00e9es \u00e0 caract\u00e8re personnel est une priorit\u00e9 pour Socomat.<\/p>\n<p>Pour toutes demandes d\u2019information concernant la politique de protection des donn\u00e9es \u00e0 caract\u00e8re personnel mise en \u0153uvre le cabinet, vous pouvez vous adresser \u00e0 <a href=\"mailto:info@socomat.fr\">info@socomat.fr<\/a><\/p>\n<p>Le responsable de traitement est Socomat, sis 22 rue de l\u2019Est \u2013 92 100 Boulogne Billancourt \u2013 FRANCE.<\/p>\n<p>En application de la r\u00e9glementation en vigueur, vous disposez d\u2019un droit d\u2019acc\u00e8s, de rectification, d\u2019effacement, de limitation du traitement, d\u2019un droit \u00e0 la portabilit\u00e9 des donn\u00e9es que vous nous confiez et du droit de d\u00e9finir le sort de celles-ci apr\u00e8s votre d\u00e9c\u00e8s.<\/p>\n<p>Ces droits s\u2019exercent aupr\u00e8s de SOCOMAT par courrier \u00e9lectronique \u00e0 l\u2019adresse e mail suivante : info@socomat.fr ou par courrier \u00e0 l\u2019adresse postale suivante : SOCOMAT \u2013 22 rue de l\u2019Est \u2013 92 100 Boulogne Billancourt \u2013 FRANCE.<\/p>\n<p>Une copie d\u2019une pi\u00e8ce d\u2019identit\u00e9 vous sera demand\u00e9e afin de vous authentifier.<\/p>\n<p>Veuillez noter que vous avez toujours le droit de porter plainte aupr\u00e8s de l\u2019autorit\u00e9 de surveillance comp\u00e9tente en cas de violation de vos droits en relation avec vos donn\u00e9es personnelles.<\/p>\n\t\t\t\t\t\t\t\t<\/div>\n\t\t\t\t<\/div>\n\t\t\t\t<\/div>\n\t\t\t\t\t<\/div>\n\t\t\t\t<\/div>\n\t\t\t\t<\/div>\n\t\t","protected":false},"excerpt":{"rendered":"<p>Lors de la consultation de notre site internet, des informations relatives \u00e0 la navigation de votre ordinateur sont susceptibles d\u2019\u00eatre [&hellip;]<\/p>\n","protected":false},"author":2,"featured_media":0,"parent":0,"menu_order":0,"comment_status":"closed","ping_status":"closed","template":"","meta":{"_acf_changed":false,"site-sidebar-layout":"no-sidebar","site-content-layout":"","ast-site-content-layout":"full-width-container","site-content-style":"default","site-sidebar-style":"default","ast-global-header-display":"","ast-banner-title-visibility":"","ast-main-header-display":"","ast-hfb-above-header-display":"","ast-hfb-below-header-display":"","ast-hfb-mobile-header-display":"","site-post-title":"disabled","ast-breadcrumbs-content":"","ast-featured-img":"disabled","footer-sml-layout":"","ast-disable-related-posts":"","theme-transparent-header-meta":"default","adv-header-id-meta":"","stick-header-meta":"default","header-above-stick-meta":"","header-main-stick-meta":"","header-below-stick-meta":"","astra-migrate-meta-layouts":"default","ast-page-background-enabled":"default","ast-page-background-meta":{"desktop":{"background-color":"var(--ast-global-color-4)","background-image":"","background-repeat":"repeat","background-position":"center center","background-size":"auto","background-attachment":"scroll","background-type":"","background-media":"","overlay-type":"","overlay-color":"","overlay-opacity":"","overlay-gradient":""},"tablet":{"background-color":"","background-image":"","background-repeat":"repeat","background-position":"center center","background-size":"auto","background-attachment":"scroll","background-type":"","background-media":"","overlay-type":"","overlay-color":"","overlay-opacity":"","overlay-gradient":""},"mobile":{"background-color":"","background-image":"","background-repeat":"repeat","background-position":"center center","background-size":"auto","background-attachment":"scroll","background-type":"","background-media":"","overlay-type":"","overlay-color":"","overlay-opacity":"","overlay-gradient":""}},"ast-content-background-meta":{"desktop":{"background-color":"var(--ast-global-color-5)","background-image":"","background-repeat":"repeat","background-position":"center center","background-size":"auto","background-attachment":"scroll","background-type":"","background-media":"","overlay-type":"","overlay-color":"","overlay-opacity":"","overlay-gradient":""},"tablet":{"background-color":"var(--ast-global-color-5)","background-image":"","background-repeat":"repeat","background-position":"center center","background-size":"auto","background-attachment":"scroll","background-type":"","background-media":"","overlay-type":"","overlay-color":"","overlay-opacity":"","overlay-gradient":""},"mobile":{"background-color":"var(--ast-global-color-5)","background-image":"","background-repeat":"repeat","background-position":"center center","background-size":"auto","background-attachment":"scroll","background-type":"","background-media":"","overlay-type":"","overlay-color":"","overlay-opacity":"","overlay-gradient":""}},"footnotes":""},"class_list":["post-639","page","type-page","status-publish","hentry"],"acf":[],"yoast_head":"<!-- This site is optimized with the Yoast SEO plugin v27.3 - https:\/\/yoast.com\/product\/yoast-seo-wordpress\/ -->\n<title>Politique de confidentialit\u00e9 - Socomat<\/title>\n<meta name=\"robots\" content=\"index, follow, max-snippet:-1, max-image-preview:large, max-video-preview:-1\" \/>\n<link rel=\"canonical\" href=\"https:\/\/socomat.fr\/fr\/politique-de-confidentialite\/\" \/>\n<meta property=\"og:locale\" content=\"fr_FR\" \/>\n<meta property=\"og:type\" content=\"article\" \/>\n<meta property=\"og:title\" content=\"Politique de confidentialit\u00e9 - Socomat\" \/>\n<meta property=\"og:description\" content=\"Lors de la consultation de notre site internet, des informations relatives \u00e0 la navigation de votre ordinateur sont susceptibles d\u2019\u00eatre [&hellip;]\" \/>\n<meta property=\"og:url\" content=\"https:\/\/socomat.fr\/fr\/politique-de-confidentialite\/\" \/>\n<meta property=\"og:site_name\" content=\"Socomat\" \/>\n<meta property=\"article:modified_time\" content=\"2024-12-10T12:29:09+00:00\" \/>\n<meta name=\"twitter:card\" content=\"summary_large_image\" \/>\n<meta name=\"twitter:label1\" content=\"Dur\u00e9e de lecture estim\u00e9e\" \/>\n\t<meta name=\"twitter:data1\" content=\"4 minutes\" \/>\n<script type=\"application\/ld+json\" class=\"yoast-schema-graph\">{\"@context\":\"https:\\\/\\\/schema.org\",\"@graph\":[{\"@type\":\"WebPage\",\"@id\":\"https:\\\/\\\/socomat.fr\\\/fr\\\/politique-de-confidentialite\\\/\",\"url\":\"https:\\\/\\\/socomat.fr\\\/fr\\\/politique-de-confidentialite\\\/\",\"name\":\"Politique de confidentialit\u00e9 - Socomat\",\"isPartOf\":{\"@id\":\"https:\\\/\\\/socomat.fr\\\/fr\\\/#website\"},\"datePublished\":\"2024-09-18T13:40:58+00:00\",\"dateModified\":\"2024-12-10T12:29:09+00:00\",\"breadcrumb\":{\"@id\":\"https:\\\/\\\/socomat.fr\\\/fr\\\/politique-de-confidentialite\\\/#breadcrumb\"},\"inLanguage\":\"fr-FR\",\"potentialAction\":[{\"@type\":\"ReadAction\",\"target\":[\"https:\\\/\\\/socomat.fr\\\/fr\\\/politique-de-confidentialite\\\/\"]}]},{\"@type\":\"BreadcrumbList\",\"@id\":\"https:\\\/\\\/socomat.fr\\\/fr\\\/politique-de-confidentialite\\\/#breadcrumb\",\"itemListElement\":[{\"@type\":\"ListItem\",\"position\":1,\"name\":\"Home\",\"item\":\"https:\\\/\\\/socomat.fr\\\/fr\\\/\"},{\"@type\":\"ListItem\",\"position\":2,\"name\":\"Politique de confidentialit\u00e9\"}]},{\"@type\":\"WebSite\",\"@id\":\"https:\\\/\\\/socomat.fr\\\/fr\\\/#website\",\"url\":\"https:\\\/\\\/socomat.fr\\\/fr\\\/\",\"name\":\"Socomat\",\"description\":\"\",\"publisher\":{\"@id\":\"https:\\\/\\\/socomat.fr\\\/fr\\\/#organization\"},\"potentialAction\":[{\"@type\":\"SearchAction\",\"target\":{\"@type\":\"EntryPoint\",\"urlTemplate\":\"https:\\\/\\\/socomat.fr\\\/fr\\\/?s={search_term_string}\"},\"query-input\":{\"@type\":\"PropertyValueSpecification\",\"valueRequired\":true,\"valueName\":\"search_term_string\"}}],\"inLanguage\":\"fr-FR\"},{\"@type\":\"Organization\",\"@id\":\"https:\\\/\\\/socomat.fr\\\/fr\\\/#organization\",\"name\":\"Socomat\",\"url\":\"https:\\\/\\\/socomat.fr\\\/fr\\\/\",\"logo\":{\"@type\":\"ImageObject\",\"inLanguage\":\"fr-FR\",\"@id\":\"https:\\\/\\\/socomat.fr\\\/fr\\\/#\\\/schema\\\/logo\\\/image\\\/\",\"url\":\"https:\\\/\\\/socomat.fr\\\/wp-content\\\/uploads\\\/2024\\\/12\\\/socomat-tank-rental-solutions.svg\",\"contentUrl\":\"https:\\\/\\\/socomat.fr\\\/wp-content\\\/uploads\\\/2024\\\/12\\\/socomat-tank-rental-solutions.svg\",\"caption\":\"Socomat\"},\"image\":{\"@id\":\"https:\\\/\\\/socomat.fr\\\/fr\\\/#\\\/schema\\\/logo\\\/image\\\/\"},\"sameAs\":[\"https:\\\/\\\/www.linkedin.com\\\/company\\\/socomatfr\\\/\"]}]}<\/script>\n<!-- \/ Yoast SEO plugin. -->","yoast_head_json":{"title":"Politique de confidentialit\u00e9 - Socomat","robots":{"index":"index","follow":"follow","max-snippet":"max-snippet:-1","max-image-preview":"max-image-preview:large","max-video-preview":"max-video-preview:-1"},"canonical":"https:\/\/socomat.fr\/fr\/politique-de-confidentialite\/","og_locale":"fr_FR","og_type":"article","og_title":"Politique de confidentialit\u00e9 - Socomat","og_description":"Lors de la consultation de notre site internet, des informations relatives \u00e0 la navigation de votre ordinateur sont susceptibles d\u2019\u00eatre [&hellip;]","og_url":"https:\/\/socomat.fr\/fr\/politique-de-confidentialite\/","og_site_name":"Socomat","article_modified_time":"2024-12-10T12:29:09+00:00","twitter_card":"summary_large_image","twitter_misc":{"Dur\u00e9e de lecture estim\u00e9e":"4 minutes"},"schema":{"@context":"https:\/\/schema.org","@graph":[{"@type":"WebPage","@id":"https:\/\/socomat.fr\/fr\/politique-de-confidentialite\/","url":"https:\/\/socomat.fr\/fr\/politique-de-confidentialite\/","name":"Politique de confidentialit\u00e9 - Socomat","isPartOf":{"@id":"https:\/\/socomat.fr\/fr\/#website"},"datePublished":"2024-09-18T13:40:58+00:00","dateModified":"2024-12-10T12:29:09+00:00","breadcrumb":{"@id":"https:\/\/socomat.fr\/fr\/politique-de-confidentialite\/#breadcrumb"},"inLanguage":"fr-FR","potentialAction":[{"@type":"ReadAction","target":["https:\/\/socomat.fr\/fr\/politique-de-confidentialite\/"]}]},{"@type":"BreadcrumbList","@id":"https:\/\/socomat.fr\/fr\/politique-de-confidentialite\/#breadcrumb","itemListElement":[{"@type":"ListItem","position":1,"name":"Home","item":"https:\/\/socomat.fr\/fr\/"},{"@type":"ListItem","position":2,"name":"Politique de confidentialit\u00e9"}]},{"@type":"WebSite","@id":"https:\/\/socomat.fr\/fr\/#website","url":"https:\/\/socomat.fr\/fr\/","name":"Socomat","description":"","publisher":{"@id":"https:\/\/socomat.fr\/fr\/#organization"},"potentialAction":[{"@type":"SearchAction","target":{"@type":"EntryPoint","urlTemplate":"https:\/\/socomat.fr\/fr\/?s={search_term_string}"},"query-input":{"@type":"PropertyValueSpecification","valueRequired":true,"valueName":"search_term_string"}}],"inLanguage":"fr-FR"},{"@type":"Organization","@id":"https:\/\/socomat.fr\/fr\/#organization","name":"Socomat","url":"https:\/\/socomat.fr\/fr\/","logo":{"@type":"ImageObject","inLanguage":"fr-FR","@id":"https:\/\/socomat.fr\/fr\/#\/schema\/logo\/image\/","url":"https:\/\/socomat.fr\/wp-content\/uploads\/2024\/12\/socomat-tank-rental-solutions.svg","contentUrl":"https:\/\/socomat.fr\/wp-content\/uploads\/2024\/12\/socomat-tank-rental-solutions.svg","caption":"Socomat"},"image":{"@id":"https:\/\/socomat.fr\/fr\/#\/schema\/logo\/image\/"},"sameAs":["https:\/\/www.linkedin.com\/company\/socomatfr\/"]}]}},"_links":{"self":[{"href":"https:\/\/socomat.fr\/fr\/wp-json\/wp\/v2\/pages\/639","targetHints":{"allow":["GET"]}}],"collection":[{"href":"https:\/\/socomat.fr\/fr\/wp-json\/wp\/v2\/pages"}],"about":[{"href":"https:\/\/socomat.fr\/fr\/wp-json\/wp\/v2\/types\/page"}],"author":[{"embeddable":true,"href":"https:\/\/socomat.fr\/fr\/wp-json\/wp\/v2\/users\/2"}],"replies":[{"embeddable":true,"href":"https:\/\/socomat.fr\/fr\/wp-json\/wp\/v2\/comments?post=639"}],"version-history":[{"count":4,"href":"https:\/\/socomat.fr\/fr\/wp-json\/wp\/v2\/pages\/639\/revisions"}],"predecessor-version":[{"id":1105,"href":"https:\/\/socomat.fr\/fr\/wp-json\/wp\/v2\/pages\/639\/revisions\/1105"}],"wp:attachment":[{"href":"https:\/\/socomat.fr\/fr\/wp-json\/wp\/v2\/media?parent=639"}],"curies":[{"name":"wp","href":"https:\/\/api.w.org\/{rel}","templated":true}]}}