{"id":1444,"date":"2026-01-06T10:55:51","date_gmt":"2026-01-06T10:55:51","guid":{"rendered":"https:\/\/socomat.fr\/le-guide-socomat\/"},"modified":"2026-04-30T14:58:05","modified_gmt":"2026-04-30T14:58:05","slug":"le-guide-socomat","status":"publish","type":"page","link":"https:\/\/socomat.fr\/fr\/le-guide-socomat\/","title":{"rendered":"le guide Socomat"},"content":{"rendered":"\t\t<div data-elementor-type=\"wp-page\" data-elementor-id=\"1444\" class=\"elementor elementor-1444 elementor-1301\" data-elementor-post-type=\"page\">\n\t\t\t\t<div class=\"elementor-element elementor-element-d86a837 e-flex e-con-boxed e-con e-parent\" data-id=\"d86a837\" data-element_type=\"container\" data-e-type=\"container\">\n\t\t\t\t\t<div class=\"e-con-inner\">\n\t\t\t\t<div class=\"elementor-element elementor-element-01a3bb2 elementor-widget elementor-widget-heading\" data-id=\"01a3bb2\" data-element_type=\"widget\" data-e-type=\"widget\" data-widget_type=\"heading.default\">\n\t\t\t\t<div class=\"elementor-widget-container\">\n\t\t\t\t\t<h2 class=\"elementor-heading-title elementor-size-default\">le guide Socomat<\/h2>\t\t\t\t<\/div>\n\t\t\t\t<\/div>\n\t\t\t\t\t<\/div>\n\t\t\t\t<\/div>\n\t\t<div class=\"elementor-element elementor-element-b05d69e e-con-full e-flex e-con e-parent\" data-id=\"b05d69e\" data-element_type=\"container\" data-e-type=\"container\">\n\t\t\t\t<div class=\"elementor-element elementor-element-5d5ffce elementor-grid-3 elementor-grid-tablet-2 elementor-grid-mobile-1 elementor-posts--thumbnail-top elementor-card-shadow-yes elementor-posts__hover-gradient elementor-widget elementor-widget-posts\" data-id=\"5d5ffce\" data-element_type=\"widget\" data-e-type=\"widget\" data-settings=\"{&quot;cards_columns&quot;:&quot;3&quot;,&quot;cards_columns_tablet&quot;:&quot;2&quot;,&quot;cards_columns_mobile&quot;:&quot;1&quot;,&quot;cards_row_gap&quot;:{&quot;unit&quot;:&quot;px&quot;,&quot;size&quot;:35,&quot;sizes&quot;:[]},&quot;cards_row_gap_tablet&quot;:{&quot;unit&quot;:&quot;px&quot;,&quot;size&quot;:&quot;&quot;,&quot;sizes&quot;:[]},&quot;cards_row_gap_mobile&quot;:{&quot;unit&quot;:&quot;px&quot;,&quot;size&quot;:&quot;&quot;,&quot;sizes&quot;:[]}}\" data-widget_type=\"posts.cards\">\n\t\t\t\t<div class=\"elementor-widget-container\">\n\t\t\t\t\t\t\t<div class=\"elementor-posts-container elementor-posts elementor-posts--skin-cards elementor-grid\" role=\"list\">\n\t\t\t\t<article class=\"elementor-post elementor-grid-item post-1268 post type-post status-publish format-standard has-post-thumbnail hentry category-solutions-services\" role=\"listitem\">\n\t\t\t<div class=\"elementor-post__card\">\n\t\t\t\t<a class=\"elementor-post__thumbnail__link\" href=\"https:\/\/socomat.fr\/fr\/location-de-citernes-iso-cryogeniques-en-france-la-solution-ideale-pour-le-transport-et-le-stockage-de-gaz-liquefies\/\" tabindex=\"-1\" ><div class=\"elementor-post__thumbnail\"><img fetchpriority=\"high\" decoding=\"async\" width=\"1200\" height=\"1200\" src=\"https:\/\/socomat.fr\/wp-content\/uploads\/2024\/12\/20ft-T11-T14-T20-T22-ISO-Containers-2.jpg\" class=\"attachment-full size-full wp-image-975\" alt=\"20ft T11 T14 T20 T22 ISO Containers 2\" srcset=\"https:\/\/socomat.fr\/wp-content\/uploads\/2024\/12\/20ft-T11-T14-T20-T22-ISO-Containers-2.jpg 1200w, https:\/\/socomat.fr\/wp-content\/uploads\/2024\/12\/20ft-T11-T14-T20-T22-ISO-Containers-2-300x300.jpg 300w, https:\/\/socomat.fr\/wp-content\/uploads\/2024\/12\/20ft-T11-T14-T20-T22-ISO-Containers-2-1024x1024.jpg 1024w, https:\/\/socomat.fr\/wp-content\/uploads\/2024\/12\/20ft-T11-T14-T20-T22-ISO-Containers-2-150x150.jpg 150w, https:\/\/socomat.fr\/wp-content\/uploads\/2024\/12\/20ft-T11-T14-T20-T22-ISO-Containers-2-768x768.jpg 768w, https:\/\/socomat.fr\/wp-content\/uploads\/2024\/12\/20ft-T11-T14-T20-T22-ISO-Containers-2-600x600.jpg 600w, https:\/\/socomat.fr\/wp-content\/uploads\/2024\/12\/20ft-T11-T14-T20-T22-ISO-Containers-2-100x100.jpg 100w\" sizes=\"(max-width: 1200px) 100vw, 1200px\" \/><\/div><\/a>\n\t\t\t\t<div class=\"elementor-post__badge\">Solutions &amp; Services<\/div>\n\t\t\t\t<div class=\"elementor-post__text\">\n\t\t\t\t<h3 class=\"elementor-post__title\">\n\t\t\t<a href=\"https:\/\/socomat.fr\/fr\/location-de-citernes-iso-cryogeniques-en-france-la-solution-ideale-pour-le-transport-et-le-stockage-de-gaz-liquefies\/\" >\n\t\t\t\tLocation de citernes ISO cryog\u00e9niques en France : la solution id\u00e9ale pour le transport et le stockage de gaz liqu\u00e9fi\u00e9s\t\t\t<\/a>\n\t\t<\/h3>\n\t\t\t\t<div class=\"elementor-post__excerpt\">\n\t\t\t<p>Le transport et le stockage de gaz liqu\u00e9fi\u00e9s \u00e0 tr\u00e8s basse temp\u00e9rature n\u00e9cessitent des \u00e9quipements hautement sp\u00e9cialis\u00e9s. Parmi ceux-ci, les<\/p>\n\t\t<\/div>\n\t\t\n\t\t<a class=\"elementor-post__read-more\" href=\"https:\/\/socomat.fr\/fr\/location-de-citernes-iso-cryogeniques-en-france-la-solution-ideale-pour-le-transport-et-le-stockage-de-gaz-liquefies\/\" aria-label=\"En savoir plus sur Location de citernes ISO cryog\u00e9niques en France : la solution id\u00e9ale pour le transport et le stockage de gaz liqu\u00e9fi\u00e9s\" tabindex=\"-1\" >\n\t\t\tEn savoir plus \u00bb\t\t<\/a>\n\n\t\t\t\t<\/div>\n\t\t\t\t<div class=\"elementor-post__meta-data\">\n\t\t\t\t\t<span class=\"elementor-post-date\">\n\t\t\t11 d\u00e9cembre 2025\t\t<\/span>\n\t\t\t\t<\/div>\n\t\t\t\t\t<\/div>\n\t\t<\/article>\n\t\t\t\t<\/div>\n\t\t\n\t\t\t\t\t\t<\/div>\n\t\t\t\t<\/div>\n\t\t\t\t<\/div>\n\t\t\t\t<\/div>\n\t\t","protected":false},"excerpt":{"rendered":"<p>le guide Socomat<\/p>\n","protected":false},"author":4,"featured_media":0,"parent":0,"menu_order":0,"comment_status":"closed","ping_status":"closed","template":"","meta":{"_acf_changed":false,"site-sidebar-layout":"no-sidebar","site-content-layout":"","ast-site-content-layout":"full-width-container","site-content-style":"default","site-sidebar-style":"default","ast-global-header-display":"","ast-banner-title-visibility":"","ast-main-header-display":"","ast-hfb-above-header-display":"","ast-hfb-below-header-display":"","ast-hfb-mobile-header-display":"","site-post-title":"","ast-breadcrumbs-content":"","ast-featured-img":"disabled","footer-sml-layout":"","ast-disable-related-posts":"","theme-transparent-header-meta":"","adv-header-id-meta":"","stick-header-meta":"","header-above-stick-meta":"","header-main-stick-meta":"","header-below-stick-meta":"","astra-migrate-meta-layouts":"default","ast-page-background-enabled":"default","ast-page-background-meta":{"desktop":{"background-color":"var(--ast-global-color-4)","background-image":"","background-repeat":"repeat","background-position":"center center","background-size":"auto","background-attachment":"scroll","background-type":"","background-media":"","overlay-type":"","overlay-color":"","overlay-opacity":"","overlay-gradient":""},"tablet":{"background-color":"","background-image":"","background-repeat":"repeat","background-position":"center center","background-size":"auto","background-attachment":"scroll","background-type":"","background-media":"","overlay-type":"","overlay-color":"","overlay-opacity":"","overlay-gradient":""},"mobile":{"background-color":"","background-image":"","background-repeat":"repeat","background-position":"center center","background-size":"auto","background-attachment":"scroll","background-type":"","background-media":"","overlay-type":"","overlay-color":"","overlay-opacity":"","overlay-gradient":""}},"ast-content-background-meta":{"desktop":{"background-color":"var(--ast-global-color-5)","background-image":"","background-repeat":"repeat","background-position":"center center","background-size":"auto","background-attachment":"scroll","background-type":"","background-media":"","overlay-type":"","overlay-color":"","overlay-opacity":"","overlay-gradient":""},"tablet":{"background-color":"var(--ast-global-color-5)","background-image":"","background-repeat":"repeat","background-position":"center center","background-size":"auto","background-attachment":"scroll","background-type":"","background-media":"","overlay-type":"","overlay-color":"","overlay-opacity":"","overlay-gradient":""},"mobile":{"background-color":"var(--ast-global-color-5)","background-image":"","background-repeat":"repeat","background-position":"center center","background-size":"auto","background-attachment":"scroll","background-type":"","background-media":"","overlay-type":"","overlay-color":"","overlay-opacity":"","overlay-gradient":""}},"footnotes":""},"class_list":["post-1444","page","type-page","status-publish","hentry"],"acf":[],"yoast_head":"<!-- This site is optimized with the Yoast SEO plugin v27.5 - https:\/\/yoast.com\/product\/yoast-seo-wordpress\/ -->\n<title>le guide Socomat - Socomat<\/title>\n<meta name=\"robots\" content=\"index, follow, max-snippet:-1, max-image-preview:large, max-video-preview:-1\" \/>\n<link rel=\"canonical\" href=\"https:\/\/socomat.fr\/fr\/le-guide-socomat\/\" \/>\n<meta property=\"og:locale\" content=\"fr_FR\" \/>\n<meta property=\"og:type\" content=\"article\" \/>\n<meta property=\"og:title\" content=\"le guide Socomat - Socomat\" \/>\n<meta property=\"og:description\" content=\"le guide Socomat\" \/>\n<meta property=\"og:url\" content=\"https:\/\/socomat.fr\/fr\/le-guide-socomat\/\" \/>\n<meta property=\"og:site_name\" content=\"Socomat\" \/>\n<meta property=\"article:modified_time\" content=\"2026-04-30T14:58:05+00:00\" \/>\n<meta name=\"twitter:card\" content=\"summary_large_image\" \/>\n<script type=\"application\/ld+json\" class=\"yoast-schema-graph\">{\"@context\":\"https:\\\/\\\/schema.org\",\"@graph\":[{\"@type\":\"WebPage\",\"@id\":\"https:\\\/\\\/socomat.fr\\\/fr\\\/le-guide-socomat\\\/\",\"url\":\"https:\\\/\\\/socomat.fr\\\/fr\\\/le-guide-socomat\\\/\",\"name\":\"le guide Socomat - Socomat\",\"isPartOf\":{\"@id\":\"https:\\\/\\\/socomat.fr\\\/fr\\\/#website\"},\"datePublished\":\"2026-01-06T10:55:51+00:00\",\"dateModified\":\"2026-04-30T14:58:05+00:00\",\"breadcrumb\":{\"@id\":\"https:\\\/\\\/socomat.fr\\\/fr\\\/le-guide-socomat\\\/#breadcrumb\"},\"inLanguage\":\"fr-FR\",\"potentialAction\":[{\"@type\":\"ReadAction\",\"target\":[\"https:\\\/\\\/socomat.fr\\\/fr\\\/le-guide-socomat\\\/\"]}]},{\"@type\":\"BreadcrumbList\",\"@id\":\"https:\\\/\\\/socomat.fr\\\/fr\\\/le-guide-socomat\\\/#breadcrumb\",\"itemListElement\":[{\"@type\":\"ListItem\",\"position\":1,\"name\":\"Home\",\"item\":\"https:\\\/\\\/socomat.fr\\\/fr\\\/\"},{\"@type\":\"ListItem\",\"position\":2,\"name\":\"le guide Socomat\"}]},{\"@type\":\"WebSite\",\"@id\":\"https:\\\/\\\/socomat.fr\\\/fr\\\/#website\",\"url\":\"https:\\\/\\\/socomat.fr\\\/fr\\\/\",\"name\":\"Socomat\",\"description\":\"\",\"publisher\":{\"@id\":\"https:\\\/\\\/socomat.fr\\\/fr\\\/#organization\"},\"potentialAction\":[{\"@type\":\"SearchAction\",\"target\":{\"@type\":\"EntryPoint\",\"urlTemplate\":\"https:\\\/\\\/socomat.fr\\\/fr\\\/?s={search_term_string}\"},\"query-input\":{\"@type\":\"PropertyValueSpecification\",\"valueRequired\":true,\"valueName\":\"search_term_string\"}}],\"inLanguage\":\"fr-FR\"},{\"@type\":\"Organization\",\"@id\":\"https:\\\/\\\/socomat.fr\\\/fr\\\/#organization\",\"name\":\"Socomat\",\"url\":\"https:\\\/\\\/socomat.fr\\\/fr\\\/\",\"logo\":{\"@type\":\"ImageObject\",\"inLanguage\":\"fr-FR\",\"@id\":\"https:\\\/\\\/socomat.fr\\\/fr\\\/#\\\/schema\\\/logo\\\/image\\\/\",\"url\":\"https:\\\/\\\/socomat.fr\\\/wp-content\\\/uploads\\\/2024\\\/12\\\/socomat-tank-rental-solutions.svg\",\"contentUrl\":\"https:\\\/\\\/socomat.fr\\\/wp-content\\\/uploads\\\/2024\\\/12\\\/socomat-tank-rental-solutions.svg\",\"caption\":\"Socomat\"},\"image\":{\"@id\":\"https:\\\/\\\/socomat.fr\\\/fr\\\/#\\\/schema\\\/logo\\\/image\\\/\"},\"sameAs\":[\"https:\\\/\\\/www.linkedin.com\\\/company\\\/socomatfr\\\/\"]}]}<\/script>\n<!-- \/ Yoast SEO plugin. -->","yoast_head_json":{"title":"le guide Socomat - Socomat","robots":{"index":"index","follow":"follow","max-snippet":"max-snippet:-1","max-image-preview":"max-image-preview:large","max-video-preview":"max-video-preview:-1"},"canonical":"https:\/\/socomat.fr\/fr\/le-guide-socomat\/","og_locale":"fr_FR","og_type":"article","og_title":"le guide Socomat - Socomat","og_description":"le guide Socomat","og_url":"https:\/\/socomat.fr\/fr\/le-guide-socomat\/","og_site_name":"Socomat","article_modified_time":"2026-04-30T14:58:05+00:00","twitter_card":"summary_large_image","schema":{"@context":"https:\/\/schema.org","@graph":[{"@type":"WebPage","@id":"https:\/\/socomat.fr\/fr\/le-guide-socomat\/","url":"https:\/\/socomat.fr\/fr\/le-guide-socomat\/","name":"le guide Socomat - Socomat","isPartOf":{"@id":"https:\/\/socomat.fr\/fr\/#website"},"datePublished":"2026-01-06T10:55:51+00:00","dateModified":"2026-04-30T14:58:05+00:00","breadcrumb":{"@id":"https:\/\/socomat.fr\/fr\/le-guide-socomat\/#breadcrumb"},"inLanguage":"fr-FR","potentialAction":[{"@type":"ReadAction","target":["https:\/\/socomat.fr\/fr\/le-guide-socomat\/"]}]},{"@type":"BreadcrumbList","@id":"https:\/\/socomat.fr\/fr\/le-guide-socomat\/#breadcrumb","itemListElement":[{"@type":"ListItem","position":1,"name":"Home","item":"https:\/\/socomat.fr\/fr\/"},{"@type":"ListItem","position":2,"name":"le guide Socomat"}]},{"@type":"WebSite","@id":"https:\/\/socomat.fr\/fr\/#website","url":"https:\/\/socomat.fr\/fr\/","name":"Socomat","description":"","publisher":{"@id":"https:\/\/socomat.fr\/fr\/#organization"},"potentialAction":[{"@type":"SearchAction","target":{"@type":"EntryPoint","urlTemplate":"https:\/\/socomat.fr\/fr\/?s={search_term_string}"},"query-input":{"@type":"PropertyValueSpecification","valueRequired":true,"valueName":"search_term_string"}}],"inLanguage":"fr-FR"},{"@type":"Organization","@id":"https:\/\/socomat.fr\/fr\/#organization","name":"Socomat","url":"https:\/\/socomat.fr\/fr\/","logo":{"@type":"ImageObject","inLanguage":"fr-FR","@id":"https:\/\/socomat.fr\/fr\/#\/schema\/logo\/image\/","url":"https:\/\/socomat.fr\/wp-content\/uploads\/2024\/12\/socomat-tank-rental-solutions.svg","contentUrl":"https:\/\/socomat.fr\/wp-content\/uploads\/2024\/12\/socomat-tank-rental-solutions.svg","caption":"Socomat"},"image":{"@id":"https:\/\/socomat.fr\/fr\/#\/schema\/logo\/image\/"},"sameAs":["https:\/\/www.linkedin.com\/company\/socomatfr\/"]}]}},"_links":{"self":[{"href":"https:\/\/socomat.fr\/fr\/wp-json\/wp\/v2\/pages\/1444","targetHints":{"allow":["GET"]}}],"collection":[{"href":"https:\/\/socomat.fr\/fr\/wp-json\/wp\/v2\/pages"}],"about":[{"href":"https:\/\/socomat.fr\/fr\/wp-json\/wp\/v2\/types\/page"}],"author":[{"embeddable":true,"href":"https:\/\/socomat.fr\/fr\/wp-json\/wp\/v2\/users\/4"}],"replies":[{"embeddable":true,"href":"https:\/\/socomat.fr\/fr\/wp-json\/wp\/v2\/comments?post=1444"}],"version-history":[{"count":1,"href":"https:\/\/socomat.fr\/fr\/wp-json\/wp\/v2\/pages\/1444\/revisions"}],"predecessor-version":[{"id":1445,"href":"https:\/\/socomat.fr\/fr\/wp-json\/wp\/v2\/pages\/1444\/revisions\/1445"}],"wp:attachment":[{"href":"https:\/\/socomat.fr\/fr\/wp-json\/wp\/v2\/media?parent=1444"}],"curies":[{"name":"wp","href":"https:\/\/api.w.org\/{rel}","templated":true}]}}